{"id":230,"date":"2025-01-13T19:16:20","date_gmt":"2025-01-13T22:16:20","guid":{"rendered":"https:\/\/kiotobrazilianjiujitsu.com.br\/en\/?page_id=230"},"modified":"2025-11-07T11:30:19","modified_gmt":"2025-11-07T14:30:19","slug":"diretoria","status":"publish","type":"page","link":"https:\/\/kiotobrazilianjiujitsu.com.br\/en\/diretoria\/","title":{"rendered":"Diretoria"},"content":{"rendered":"<p>[et_pb_section fb_built=&#8221;1&#8243; _builder_version=&#8221;4.27.4&#8243; _module_preset=&#8221;default&#8221; background_color=&#8221;#2c2664&#8243; global_colors_info=&#8221;{}&#8221; global_module=&#8221;885&#8243; saved_tabs=&#8221;all&#8221;][et_pb_row _builder_version=&#8221;4.27.4&#8243; _module_preset=&#8221;default&#8221; background_color=&#8221;RGBA(255,255,255,0)&#8221; global_colors_info=&#8221;{}&#8221;][et_pb_column type=&#8221;4_4&#8243; _builder_version=&#8221;4.27.4&#8243; _module_preset=&#8221;default&#8221; global_colors_info=&#8221;{}&#8221;][et_pb_text _builder_version=&#8221;4.27.4&#8243; _module_preset=&#8221;default&#8221; header_font_size=&#8221;40px&#8221; background_color=&#8221;RGBA(255,255,255,0)&#8221; background_layout=&#8221;dark&#8221; hover_enabled=&#8221;0&#8243; global_colors_info=&#8221;{}&#8221; sticky_enabled=&#8221;0&#8243;]<\/p>\n<h1 style=\"text-align: center;\">GRANDMASTER MANSOR<\/h1>\n<p style=\"text-align: center;\"><strong>RED BELT 9TH DEGREE<\/strong><\/p>\n<p>[\/et_pb_text][\/et_pb_column][\/et_pb_row][\/et_pb_section][et_pb_section fb_built=&#8221;1&#8243; _builder_version=&#8221;4.27.4&#8243; _module_preset=&#8221;default&#8221; hover_enabled=&#8221;0&#8243; global_colors_info=&#8221;{}&#8221; global_module=&#8221;888&#8243; saved_tabs=&#8221;all&#8221; sticky_enabled=&#8221;0&#8243;][et_pb_row column_structure=&#8221;1_2,1_2&#8243; _builder_version=&#8221;4.27.4&#8243; _module_preset=&#8221;default&#8221; global_colors_info=&#8221;{}&#8221;][et_pb_column type=&#8221;1_2&#8243; _builder_version=&#8221;4.27.4&#8243; _module_preset=&#8221;default&#8221; global_colors_info=&#8221;{}&#8221;][et_pb_image src=&#8221;https:\/\/kiotobrazilianjiujitsu.com.br\/en\/wp-content\/uploads\/2025\/01\/Francisco_Mansor_kioto.png&#8221; alt=&#8221;Francisco Mansor&#8221; title_text=&#8221;Francisco Mansor&#8221; _builder_version=&#8221;4.27.4&#8243; _module_preset=&#8221;default&#8221; global_colors_info=&#8221;{}&#8221;][\/et_pb_image][\/et_pb_column][et_pb_column type=&#8221;1_2&#8243; _builder_version=&#8221;4.27.4&#8243; _module_preset=&#8221;default&#8221; global_colors_info=&#8221;{}&#8221;][et_pb_tabs _builder_version=&#8221;4.27.4&#8243; _module_preset=&#8221;default&#8221; hover_enabled=&#8221;0&#8243; global_colors_info=&#8221;{}&#8221; sticky_enabled=&#8221;0&#8243;][et_pb_tab title=&#8221;PROFILE&#8221; _builder_version=&#8221;4.27.4&#8243; _module_preset=&#8221;default&#8221; global_colors_info=&#8221;{}&#8221;]Born on November 9, 1939, in Palma, Minas Gerais. He moved to Rio de Janeiro in 1953, where he met and became a student and friend of Grandmaster H\u00e9lio Gracie. Since then, he has contributed to the development of Jiu-Jitsu in Brazil and around the world.<\/p>\n<p>During the 1960s, he began researching the history of Jiu-Jitsu and gathered a small group of people interested in organizing the sport, creating the first Jiu-Jitsu Federation of the State of Guanabara in 1963, which became the Jiu-Jitsu Federation of Rio de Janeiro in 1967. He is the main author of the first book of regulations and standards that govern the sport to this day.<\/p>\n<p>Grandmaster Mansor, along with Carlos Couto and Grandmaster Robson Gracie, created the CBJJ in 1993, from which the IBJJF later emerged.<\/p>\n<p>He lived in the United States from 1999 to 2019, where he also worked as a Police Consultant (NYPD) and lectured at universities and the Armed Forces. There, he achieved status, recognition, and many titles, including inductions into the American and European Halls of Fame, as well as the title of Knight of Spain.&nbsp;[\/et_pb_tab][et_pb_tab title=&#8221;SCHOLARSHIP AND EDUCATION&#8221; _builder_version=&#8221;4.27.4&#8243; _module_preset=&#8221;default&#8221; global_colors_info=&#8221;{}&#8221;]<\/p>\n<ul>\n<li><strong>Estacio de S\u00e1 Integrated Colleges<\/strong><br \/>(UNISA)<br \/>Bachelor&#8217;s Degree in Law<br \/>December 1978.<\/li>\n<li><strong>Gracie Jiu-Jitsu Academy<\/strong><br \/>Jiu-Jitsu Teacher&#8217;s Degree<br \/>January 1979.<\/li>\n<li><strong>Brazilian Judo Confederation<\/strong><br \/>Certificate of the 1st International Pedagogical Technical Course in Brazil<br \/>July 1985.<\/li>\n<li><strong>Brazilian Judo Confederation<\/strong><br \/>Second DAM Black Belt Certificate.<br \/>April 1996.<\/li>\n<li><strong>Rio de Janeiro State Jiu-Jitsu Federation<\/strong><br \/>8th Degree Red and Black Belt Title, for Merit and Recognition.<br \/>November 1991.<\/li>\n<li><strong>Rio de Janeiro State Jiu Jitsu Federation<\/strong><br \/> Title of Merit and Recognition<br \/>December 1993.<\/li>\n<li><strong>II International Martial Arts Congress<\/strong><br \/>Santo Andre Physical Education College<br \/>Certifies that it taught the Practical Jiu Jitsu Course<br \/>June 1997.<\/li>\n<li><strong>Rio de Janeiro State Jiu Jitsu Federation<\/strong><br \/>Technical and Pedagogical Update Course in Martial Arts.<br \/>January 1999.<\/li>\n<li><strong>Rio de Janeiro State Jiu Jitsu Federation<\/strong><br \/>8th Degree Red and Black Belt Master Title<br \/>February 1999.<\/li>\n<li><strong>Brazilian Jiu-Jitsu Confederation<\/strong><br \/>9th Degree Red Belt Jiu-Jitsu Master Title<br \/>June 2003.<\/li>\n<li><strong>National Judo League<\/strong><br \/>9th Degree Red Belt Judo Master Title<br \/>December 2024.<\/li>\n<\/ul>\n<p>[\/et_pb_tab][et_pb_tab title=&#8221;TITLES, COMMENDATIONS&#8230;&#8221; _builder_version=&#8221;4.27.4&#8243; _module_preset=&#8221;default&#8221; global_colors_info=&#8221;{}&#8221;]<\/p>\n<ul>\n<li><strong>Rio de Janeiro City Council<\/strong><br \/>November 1991<br \/>Congratulations for the 25th anniversary of the Kioto Jiu-Jitsu Academy<\/li>\n<li><strong>Budo International Martial Arts<\/strong><br \/>Certificate of Recognition and Title of &#8220;Man of Budo&#8221;<\/li>\n<li><strong>International Confederation of Police &amp; Security Experts<\/strong><br \/>Valen\u00e7a, Spain<br \/>International Confederation of Police &#038; Security Experts &#8211;<br \/>\nCertificate of Board Membership<\/li>\n<li><strong>New York City Grappling Challenge<\/strong><br \/>April 2000<br \/>Title of Recognition and Honor<\/li>\n<li><strong>Hall of Fame, Martial Arts World<\/strong><br \/>September 2000<br \/>Title of Recognition for Pioneering in Martial Arts<\/li>\n<li><strong>North American Grappling Association<\/strong><br \/>2000<br \/>Certifies Kioto Brazilian Jiu-Jitsu as one of the 10 Top teams in the country.<\/li>\n<li><strong>North American Grappling Association<\/strong><br \/>2002<br \/>Certifies Kioto Brazilian Jiu-Jitsu as one of the 3 Top teams in the country.<\/li>\n<li><strong>Hall da Fama, Escuela Internacional de Las Artes Marciales<\/strong><br \/>Valen\u00e7a, Spain 2002<\/li>\n<\/ul>\n<p>[\/et_pb_tab][\/et_pb_tabs][\/et_pb_column][\/et_pb_row][\/et_pb_section][et_pb_section fb_built=&#8221;1&#8243; _builder_version=&#8221;4.27.4&#8243; _module_preset=&#8221;default&#8221; background_color=&#8221;#2c2664&#8243; global_colors_info=&#8221;{}&#8221; global_module=&#8221;894&#8243; saved_tabs=&#8221;all&#8221;][et_pb_row _builder_version=&#8221;4.27.4&#8243; _module_preset=&#8221;default&#8221; background_color=&#8221;RGBA(255,255,255,0)&#8221; global_colors_info=&#8221;{}&#8221;][et_pb_column type=&#8221;4_4&#8243; _builder_version=&#8221;4.27.4&#8243; _module_preset=&#8221;default&#8221; global_colors_info=&#8221;{}&#8221;][et_pb_text _builder_version=&#8221;4.27.4&#8243; _module_preset=&#8221;default&#8221; header_font_size=&#8221;40px&#8221; background_color=&#8221;RGBA(255,255,255,0)&#8221; background_layout=&#8221;dark&#8221; hover_enabled=&#8221;0&#8243; global_colors_info=&#8221;{}&#8221; sticky_enabled=&#8221;0&#8243;]<\/p>\n<h1 style=\"text-align: center;\">MASTER KRAUSS MANSOR<\/h1>\n<p style=\"text-align: center;\"><strong>7th Degree Red and Black Belt<\/strong><\/p>\n<p>[\/et_pb_text][\/et_pb_column][\/et_pb_row][\/et_pb_section][et_pb_section fb_built=&#8221;1&#8243; _builder_version=&#8221;4.27.4&#8243; _module_preset=&#8221;default&#8221; global_colors_info=&#8221;{}&#8221; global_module=&#8221;896&#8243; saved_tabs=&#8221;all&#8221;][et_pb_row column_structure=&#8221;1_2,1_2&#8243; _builder_version=&#8221;4.27.4&#8243; _module_preset=&#8221;default&#8221; global_colors_info=&#8221;{}&#8221;][et_pb_column type=&#8221;1_2&#8243; _builder_version=&#8221;4.27.4&#8243; _module_preset=&#8221;default&#8221; global_colors_info=&#8221;{}&#8221;][et_pb_image src=&#8221;https:\/\/kiotobrazilianjiujitsu.com.br\/en\/wp-content\/uploads\/2025\/01\/krauss.png&#8221; alt=&#8221;krauss Mansor&#8221; title_text=&#8221;krauss Mansor&#8221; _builder_version=&#8221;4.27.4&#8243; _module_preset=&#8221;default&#8221; global_colors_info=&#8221;{}&#8221;][\/et_pb_image][\/et_pb_column][et_pb_column type=&#8221;1_2&#8243; _builder_version=&#8221;4.27.4&#8243; _module_preset=&#8221;default&#8221; global_colors_info=&#8221;{}&#8221;][et_pb_text _builder_version=&#8221;4.27.4&#8243; _module_preset=&#8221;default&#8221; global_colors_info=&#8221;{}&#8221;]<\/p>\n<ul>\n<li>Has been practicing Jiu-Jitsu for over 50 years<\/li>\n<li>Bachelor&#8217;s and Licentiate degrees in Physical Education (Gama Filho University)<\/li>\n<li>MBA in Marketing (Funda\u00e7\u00e3o Getulio Vargas &#8211; FGV)<\/li>\n<li>Postgraduate degree in Police Self-Defense Applied to Public and Private Security Agents (CESUFI)<\/li>\n<li>Professor of the Postgraduate Program in Martial Arts (P\u00f3s-Esportes)<\/li>\n<li>Sports Honoree from ALESP (Legislative Assembly of the State of S\u00e3o Paulo)<\/li>\n<li>Black Belt 1st Dan in Judo<\/li>\n<li>Green Belt in Aikido<\/li>\n<li>2 years and a half of Boxing with Prof. Wagner Coelho<\/li>\n<li>2 years of Kick Boxing with World Heavyweight Champion Derek Panza<\/li>\n<li>Pan American Medalist<\/li>\n<li>Brazilian Medalist<\/li>\n<li>8-time State Jiu-Jitsu Champion (RJ) (undefeated)<\/li>\n<li>2nd Lieutenant in the Infantry Reserve<\/li>\n<li>Self-Defense Specialist<\/li>\n<li>Courses taught to US Police Forces and American Military<\/li>\n<li>Professor of the MBA in Fighting at FATEC<\/li>\n<li>National and international seminarist in Jiu-Jitsu and Self-Defense<\/li>\n<\/ul>\n<p>[\/et_pb_text][\/et_pb_column][\/et_pb_row][\/et_pb_section][et_pb_section fb_built=&#8221;1&#8243; _builder_version=&#8221;4.27.4&#8243; _module_preset=&#8221;default&#8221; background_color=&#8221;#2c2664&#8243; global_colors_info=&#8221;{}&#8221; global_module=&#8221;898&#8243; saved_tabs=&#8221;all&#8221;][et_pb_row _builder_version=&#8221;4.27.4&#8243; _module_preset=&#8221;default&#8221; background_color=&#8221;RGBA(255,255,255,0)&#8221; global_colors_info=&#8221;{}&#8221;][et_pb_column type=&#8221;4_4&#8243; _builder_version=&#8221;4.27.4&#8243; _module_preset=&#8221;default&#8221; global_colors_info=&#8221;{}&#8221;][et_pb_text _builder_version=&#8221;4.27.4&#8243; _module_preset=&#8221;default&#8221; header_font_size=&#8221;40px&#8221; background_color=&#8221;RGBA(255,255,255,0)&#8221; background_layout=&#8221;dark&#8221; hover_enabled=&#8221;0&#8243; global_colors_info=&#8221;{}&#8221; sticky_enabled=&#8221;0&#8243;]<\/p>\n<h1 style=\"text-align: center;\">AMAURY RIBEIRO<\/h1>\n<p style=\"text-align: center;\"><strong>6th Degree Black Belt<\/strong><\/p>\n<p>[\/et_pb_text][\/et_pb_column][\/et_pb_row][\/et_pb_section][et_pb_section fb_built=&#8221;1&#8243; _builder_version=&#8221;4.27.4&#8243; _module_preset=&#8221;default&#8221; global_colors_info=&#8221;{}&#8221; global_module=&#8221;900&#8243; saved_tabs=&#8221;all&#8221;][et_pb_row column_structure=&#8221;1_2,1_2&#8243; _builder_version=&#8221;4.27.4&#8243; _module_preset=&#8221;default&#8221; global_colors_info=&#8221;{}&#8221;][et_pb_column type=&#8221;1_2&#8243; _builder_version=&#8221;4.27.4&#8243; _module_preset=&#8221;default&#8221; global_colors_info=&#8221;{}&#8221;][et_pb_image src=&#8221;https:\/\/kiotobrazilianjiujitsu.com.br\/en\/wp-content\/uploads\/2025\/01\/Amaury_Ribeiro.png&#8221; alt=&#8221;Amaury Ribeiro&#8221; title_text=&#8221;Amaury Ribeiro&#8221; _builder_version=&#8221;4.27.4&#8243; _module_preset=&#8221;default&#8221; global_colors_info=&#8221;{}&#8221;][\/et_pb_image][\/et_pb_column][et_pb_column type=&#8221;1_2&#8243; _builder_version=&#8221;4.27.4&#8243; _module_preset=&#8221;default&#8221; global_colors_info=&#8221;{}&#8221;][et_pb_text _builder_version=&#8221;4.27.4&#8243; _module_preset=&#8221;default&#8221; global_colors_info=&#8221;{}&#8221;]<\/p>\n<ul>\n<li>Practiced Jiu-Jitsu since 1984<\/li>\n<li>Black belt since 1997<\/li>\n<li>Purple belt in Kung Fu<\/li>\n<li>Champion of the Melo Tennis Club Cup in 1987<\/li>\n<li>Runner-up of the Melo Tennis Club Cup in 1988<\/li>\n<li>Champion of the Company Cup in 2020<\/li>\n<li>Medalist in state tournaments and championships<\/li>\n<li>Teached several seminars<\/li>\n<li>Corporate Security Manager<\/li>\n<li>Security Analyst<\/li>\n<li>Security Consultant<\/li>\n<li>Speaker\/Security Consultant<\/li>\n<li>Specialized in Self-Defense<\/li>\n<li>Instructor for various security and related groups<\/li>\n<\/ul>\n<p>[\/et_pb_text][\/et_pb_column][\/et_pb_row][\/et_pb_section][et_pb_section fb_built=&#8221;1&#8243; _builder_version=&#8221;4.27.4&#8243; _module_preset=&#8221;default&#8221; background_color=&#8221;#000000&#8243; background_image=&#8221;https:\/\/kiotobrazilianjiujitsu.com.br\/en\/wp-content\/uploads\/2024\/12\/redbelt_slider_fundo2.jpg&#8221; global_module=&#8221;225&#8243; saved_tabs=&#8221;all&#8221; global_colors_info=&#8221;{}&#8221;][et_pb_row column_structure=&#8221;2_3,1_3&#8243; _builder_version=&#8221;4.27.4&#8243; _module_preset=&#8221;default&#8221; global_colors_info=&#8221;{}&#8221;][et_pb_column type=&#8221;2_3&#8243; _builder_version=&#8221;4.27.4&#8243; _module_preset=&#8221;default&#8221; global_colors_info=&#8221;{}&#8221;][et_pb_code _builder_version=&#8221;4.27.4&#8243; _module_preset=&#8221;default&#8221; border_radii=&#8221;on|5px|5px|5px|5px&#8221; border_width_all=&#8221;3px&#8221; border_color_all=&#8221;#FFFFFF&#8221; box_shadow_style=&#8221;preset1&#8243; global_colors_info=&#8221;{}&#8221;]<iframe src=\"https:\/\/www.google.com\/maps\/embed?pb=!1m18!1m12!1m3!1d3686.6775197288093!2d-47.16997611388698!3d-22.478749569992537!2m3!1f0!2f0!3f0!3m2!1i1024!2i768!4f13.1!3m3!1m2!1s0x94c88a91e40e6aab%3A0xc58851d016859daa!2sJos%C3%A9%20Augusto%20Ferri%2C%20344%20-%20Jacarand%C3%A1%2C%20Eng.%20Coelho%20-%20SP%2C%2013449-899!5e0!3m2!1spt-BR!2sbr!4v1733237152350!5m2!1spt-BR!2sbr\" width=\"900\" height=\"450\" style=\"border:0;\" allowfullscreen=\"\" loading=\"lazy\" referrerpolicy=\"no-referrer-when-downgrade\"><\/iframe>[\/et_pb_code][\/et_pb_column][et_pb_column type=&#8221;1_3&#8243; _builder_version=&#8221;4.27.4&#8243; _module_preset=&#8221;default&#8221; global_colors_info=&#8221;{}&#8221;][et_pb_text _builder_version=&#8221;4.27.4&#8243; _module_preset=&#8221;default&#8221; global_colors_info=&#8221;{}&#8221;]<\/p>\n<h4 id=\"CONTATO\">\u00a0<\/h4>\n<p>&nbsp;<\/p>\n<p>[\/et_pb_text][et_pb_blurb title=&#8221;WhatsApp \/ Phone:&#8221; url=&#8221;https:\/\/wa.me\/5519996872119&#8243; use_icon=&#8221;on&#8221; font_icon=&#8221;&#xf232;||fa||400&#8243; icon_color=&#8221;#FFFFFF&#8221; icon_placement=&#8221;left&#8221; image_icon_width=&#8221;56px&#8221; _builder_version=&#8221;4.27.4&#8243; _module_preset=&#8221;default&#8221; header_text_color=&#8221;#FFFFFF&#8221; body_text_color=&#8221;#FFFFFF&#8221; link_option_url=&#8221;https:\/\/wa.me\/5519996872119&#8243; global_colors_info=&#8221;{}&#8221;]<\/p>\n<p>+55 19 99687-2119<\/p>\n<p>&nbsp;<\/p>\n<p>[\/et_pb_blurb][et_pb_blurb title=&#8221;Email:&#8221; use_icon=&#8221;on&#8221; font_icon=&#8221;&#xe010;||divi||400&#8243; icon_color=&#8221;#FFFFFF&#8221; icon_placement=&#8221;left&#8221; image_icon_width=&#8221;56px&#8221; _builder_version=&#8221;4.27.4&#8243; _module_preset=&#8221;default&#8221; header_text_color=&#8221;#FFFFFF&#8221; body_text_color=&#8221;#FFFFFF&#8221; global_colors_info=&#8221;{}&#8221;]<\/p>\n<ul>\n<li>contato@kiotobrazilianjiujitsu.com.br<\/li>\n<li>administracao@kiotobrazilianjiujitsu.com.br<\/li>\n<\/ul>\n<p>[\/et_pb_blurb][et_pb_blurb title=&#8221;Address:&#8221; use_icon=&#8221;on&#8221; font_icon=&#8221;&#xe01d;||divi||400&#8243; icon_color=&#8221;#FFFFFF&#8221; icon_placement=&#8221;left&#8221; image_icon_width=&#8221;56px&#8221; _builder_version=&#8221;4.27.4&#8243; _module_preset=&#8221;default&#8221; header_text_color=&#8221;#FFFFFF&#8221; body_text_color=&#8221;#FFFFFF&#8221; global_colors_info=&#8221;{}&#8221;]Rua Jos\u00e9 Augusto Ferri, 344, Warehouse 1 &#8211; Jacarand\u00e1 &#8211; Engenheiro Coelho &#8211; SP[\/et_pb_blurb][\/et_pb_column][\/et_pb_row][\/et_pb_section]<\/p>\n","protected":false},"excerpt":{"rendered":"<p>GRANDMASTER MANSOR RED BELT 9TH DEGREEBorn on November 9, 1939, in Palma, Minas Gerais. He moved to Rio de Janeiro in 1953, where he met and became a student and friend of Grandmaster H\u00e9lio Gracie. Since then, he has contributed to the development of Jiu-Jitsu in Brazil and around the world. During the 1960s, he [&hellip;]<\/p>\n","protected":false},"author":1,"featured_media":0,"parent":0,"menu_order":0,"comment_status":"closed","ping_status":"closed","template":"","meta":{"_et_pb_use_builder":"on","_et_pb_old_content":"","_et_gb_content_width":"","footnotes":""},"class_list":["post-230","page","type-page","status-publish","hentry"],"yoast_head":"<!-- This site is optimized with the Yoast SEO plugin v26.9 - https:\/\/yoast.com\/product\/yoast-seo-wordpress\/ -->\n<title>Diretoria - Kioto Brazilian Jiu Jitsu - Matriz<\/title>\n<meta name=\"description\" content=\"Conhe\u00e7a nossos renomados professores da Kioto Brazilian Jiu Jitus - Matriz e iforma\u00e7\u00f5es do grande mestre Francisco Mansor.\" \/>\n<meta name=\"robots\" content=\"index, follow, max-snippet:-1, max-image-preview:large, max-video-preview:-1\" \/>\n<link rel=\"canonical\" href=\"https:\/\/kiotobrazilianjiujitsu.com.br\/en\/diretoria\/\" \/>\n<meta property=\"og:locale\" content=\"pt_BR\" \/>\n<meta property=\"og:type\" content=\"article\" \/>\n<meta property=\"og:title\" content=\"Diretoria - Kioto Brazilian Jiu Jitsu - Matriz\" \/>\n<meta property=\"og:description\" content=\"Conhe\u00e7a nossos renomados professores da Kioto Brazilian Jiu Jitus - Matriz e iforma\u00e7\u00f5es do grande mestre Francisco Mansor.\" \/>\n<meta property=\"og:url\" content=\"https:\/\/kiotobrazilianjiujitsu.com.br\/en\/diretoria\/\" \/>\n<meta property=\"og:site_name\" content=\"Kioto Brazilian Jiu Jitsu - Matriz\" \/>\n<meta property=\"article:modified_time\" content=\"2025-11-07T14:30:19+00:00\" \/>\n<meta name=\"twitter:card\" content=\"summary_large_image\" \/>\n<meta name=\"twitter:label1\" content=\"Est. tempo de leitura\" \/>\n\t<meta name=\"twitter:data1\" content=\"5 minutos\" \/>\n<script type=\"application\/ld+json\" class=\"yoast-schema-graph\">{\"@context\":\"https:\/\/schema.org\",\"@graph\":[{\"@type\":\"WebPage\",\"@id\":\"https:\/\/kiotobrazilianjiujitsu.com.br\/en\/diretoria\/\",\"url\":\"https:\/\/kiotobrazilianjiujitsu.com.br\/en\/diretoria\/\",\"name\":\"Diretoria - Kioto Brazilian Jiu Jitsu - Matriz\",\"isPartOf\":{\"@id\":\"https:\/\/kiotobrazilianjiujitsu.com.br\/en\/#website\"},\"datePublished\":\"2025-01-13T22:16:20+00:00\",\"dateModified\":\"2025-11-07T14:30:19+00:00\",\"description\":\"Conhe\u00e7a nossos renomados professores da Kioto Brazilian Jiu Jitus - Matriz e iforma\u00e7\u00f5es do grande mestre Francisco Mansor.\",\"breadcrumb\":{\"@id\":\"https:\/\/kiotobrazilianjiujitsu.com.br\/en\/diretoria\/#breadcrumb\"},\"inLanguage\":\"pt-BR\",\"potentialAction\":[{\"@type\":\"ReadAction\",\"target\":[\"https:\/\/kiotobrazilianjiujitsu.com.br\/en\/diretoria\/\"]}]},{\"@type\":\"BreadcrumbList\",\"@id\":\"https:\/\/kiotobrazilianjiujitsu.com.br\/en\/diretoria\/#breadcrumb\",\"itemListElement\":[{\"@type\":\"ListItem\",\"position\":1,\"name\":\"In\u00edcio\",\"item\":\"https:\/\/kiotobrazilianjiujitsu.com.br\/en\/\"},{\"@type\":\"ListItem\",\"position\":2,\"name\":\"Diretoria\"}]},{\"@type\":\"WebSite\",\"@id\":\"https:\/\/kiotobrazilianjiujitsu.com.br\/en\/#website\",\"url\":\"https:\/\/kiotobrazilianjiujitsu.com.br\/en\/\",\"name\":\"Kioto Brazilian Jiu Jitsu - Matriz\",\"description\":\"Academia Kioto de Jiu-Jitsu: A Tradi\u00e7\u00e3o e Excel\u00eancia agora em Engenheiro Coelho\",\"publisher\":{\"@id\":\"https:\/\/kiotobrazilianjiujitsu.com.br\/en\/#organization\"},\"potentialAction\":[{\"@type\":\"SearchAction\",\"target\":{\"@type\":\"EntryPoint\",\"urlTemplate\":\"https:\/\/kiotobrazilianjiujitsu.com.br\/en\/?s={search_term_string}\"},\"query-input\":{\"@type\":\"PropertyValueSpecification\",\"valueRequired\":true,\"valueName\":\"search_term_string\"}}],\"inLanguage\":\"pt-BR\"},{\"@type\":\"Organization\",\"@id\":\"https:\/\/kiotobrazilianjiujitsu.com.br\/en\/#organization\",\"name\":\"Kioto Brazilian Jiu Jitsu - Matriz\",\"url\":\"https:\/\/kiotobrazilianjiujitsu.com.br\/en\/\",\"logo\":{\"@type\":\"ImageObject\",\"inLanguage\":\"pt-BR\",\"@id\":\"https:\/\/kiotobrazilianjiujitsu.com.br\/en\/#\/schema\/logo\/image\/\",\"url\":\"http:\/\/kiotobrazilianjiujitsu.com.br\/en\/wp-content\/uploads\/2024\/11\/cropped-kioto_te-350-x-350-px.png\",\"contentUrl\":\"http:\/\/kiotobrazilianjiujitsu.com.br\/en\/wp-content\/uploads\/2024\/11\/cropped-kioto_te-350-x-350-px.png\",\"width\":512,\"height\":512,\"caption\":\"Kioto Brazilian Jiu Jitsu - Matriz\"},\"image\":{\"@id\":\"https:\/\/kiotobrazilianjiujitsu.com.br\/en\/#\/schema\/logo\/image\/\"}}]}<\/script>\n<!-- \/ Yoast SEO plugin. -->","yoast_head_json":{"title":"Diretoria - Kioto Brazilian Jiu Jitsu - Matriz","description":"Conhe\u00e7a nossos renomados professores da Kioto Brazilian Jiu Jitus - Matriz e iforma\u00e7\u00f5es do grande mestre Francisco Mansor.","robots":{"index":"index","follow":"follow","max-snippet":"max-snippet:-1","max-image-preview":"max-image-preview:large","max-video-preview":"max-video-preview:-1"},"canonical":"https:\/\/kiotobrazilianjiujitsu.com.br\/en\/diretoria\/","og_locale":"pt_BR","og_type":"article","og_title":"Diretoria - Kioto Brazilian Jiu Jitsu - Matriz","og_description":"Conhe\u00e7a nossos renomados professores da Kioto Brazilian Jiu Jitus - Matriz e iforma\u00e7\u00f5es do grande mestre Francisco Mansor.","og_url":"https:\/\/kiotobrazilianjiujitsu.com.br\/en\/diretoria\/","og_site_name":"Kioto Brazilian Jiu Jitsu - Matriz","article_modified_time":"2025-11-07T14:30:19+00:00","twitter_card":"summary_large_image","twitter_misc":{"Est. tempo de leitura":"5 minutos"},"schema":{"@context":"https:\/\/schema.org","@graph":[{"@type":"WebPage","@id":"https:\/\/kiotobrazilianjiujitsu.com.br\/en\/diretoria\/","url":"https:\/\/kiotobrazilianjiujitsu.com.br\/en\/diretoria\/","name":"Diretoria - Kioto Brazilian Jiu Jitsu - Matriz","isPartOf":{"@id":"https:\/\/kiotobrazilianjiujitsu.com.br\/en\/#website"},"datePublished":"2025-01-13T22:16:20+00:00","dateModified":"2025-11-07T14:30:19+00:00","description":"Conhe\u00e7a nossos renomados professores da Kioto Brazilian Jiu Jitus - Matriz e iforma\u00e7\u00f5es do grande mestre Francisco Mansor.","breadcrumb":{"@id":"https:\/\/kiotobrazilianjiujitsu.com.br\/en\/diretoria\/#breadcrumb"},"inLanguage":"pt-BR","potentialAction":[{"@type":"ReadAction","target":["https:\/\/kiotobrazilianjiujitsu.com.br\/en\/diretoria\/"]}]},{"@type":"BreadcrumbList","@id":"https:\/\/kiotobrazilianjiujitsu.com.br\/en\/diretoria\/#breadcrumb","itemListElement":[{"@type":"ListItem","position":1,"name":"In\u00edcio","item":"https:\/\/kiotobrazilianjiujitsu.com.br\/en\/"},{"@type":"ListItem","position":2,"name":"Diretoria"}]},{"@type":"WebSite","@id":"https:\/\/kiotobrazilianjiujitsu.com.br\/en\/#website","url":"https:\/\/kiotobrazilianjiujitsu.com.br\/en\/","name":"Kioto Brazilian Jiu Jitsu - Matriz","description":"Academia Kioto de Jiu-Jitsu: A Tradi\u00e7\u00e3o e Excel\u00eancia agora em Engenheiro Coelho","publisher":{"@id":"https:\/\/kiotobrazilianjiujitsu.com.br\/en\/#organization"},"potentialAction":[{"@type":"SearchAction","target":{"@type":"EntryPoint","urlTemplate":"https:\/\/kiotobrazilianjiujitsu.com.br\/en\/?s={search_term_string}"},"query-input":{"@type":"PropertyValueSpecification","valueRequired":true,"valueName":"search_term_string"}}],"inLanguage":"pt-BR"},{"@type":"Organization","@id":"https:\/\/kiotobrazilianjiujitsu.com.br\/en\/#organization","name":"Kioto Brazilian Jiu Jitsu - Matriz","url":"https:\/\/kiotobrazilianjiujitsu.com.br\/en\/","logo":{"@type":"ImageObject","inLanguage":"pt-BR","@id":"https:\/\/kiotobrazilianjiujitsu.com.br\/en\/#\/schema\/logo\/image\/","url":"http:\/\/kiotobrazilianjiujitsu.com.br\/en\/wp-content\/uploads\/2024\/11\/cropped-kioto_te-350-x-350-px.png","contentUrl":"http:\/\/kiotobrazilianjiujitsu.com.br\/en\/wp-content\/uploads\/2024\/11\/cropped-kioto_te-350-x-350-px.png","width":512,"height":512,"caption":"Kioto Brazilian Jiu Jitsu - Matriz"},"image":{"@id":"https:\/\/kiotobrazilianjiujitsu.com.br\/en\/#\/schema\/logo\/image\/"}}]}},"_links":{"self":[{"href":"https:\/\/kiotobrazilianjiujitsu.com.br\/en\/wp-json\/wp\/v2\/pages\/230","targetHints":{"allow":["GET"]}}],"collection":[{"href":"https:\/\/kiotobrazilianjiujitsu.com.br\/en\/wp-json\/wp\/v2\/pages"}],"about":[{"href":"https:\/\/kiotobrazilianjiujitsu.com.br\/en\/wp-json\/wp\/v2\/types\/page"}],"author":[{"embeddable":true,"href":"https:\/\/kiotobrazilianjiujitsu.com.br\/en\/wp-json\/wp\/v2\/users\/1"}],"replies":[{"embeddable":true,"href":"https:\/\/kiotobrazilianjiujitsu.com.br\/en\/wp-json\/wp\/v2\/comments?post=230"}],"version-history":[{"count":38,"href":"https:\/\/kiotobrazilianjiujitsu.com.br\/en\/wp-json\/wp\/v2\/pages\/230\/revisions"}],"predecessor-version":[{"id":902,"href":"https:\/\/kiotobrazilianjiujitsu.com.br\/en\/wp-json\/wp\/v2\/pages\/230\/revisions\/902"}],"wp:attachment":[{"href":"https:\/\/kiotobrazilianjiujitsu.com.br\/en\/wp-json\/wp\/v2\/media?parent=230"}],"curies":[{"name":"wp","href":"https:\/\/api.w.org\/{rel}","templated":true}]}}